{"id":13,"date":"2023-10-20T19:42:05","date_gmt":"2023-10-20T19:42:05","guid":{"rendered":"https:\/\/picassocharter.es\/?page_id=13"},"modified":"2024-05-08T13:48:13","modified_gmt":"2024-05-08T13:48:13","slug":"galeria","status":"publish","type":"page","link":"https:\/\/picassocharter.es\/en\/galeria\/","title":{"rendered":"Gallery"},"content":{"rendered":"<p>[et_pb_section fb_built=\u00bb1&#8243; admin_label=\u00bbServices\u00bb _builder_version=\u00bb4.18.0&#8243; _module_preset=\u00bbdefault\u00bb locked=\u00bboff\u00bb collapsed=\u00bbon\u00bb global_colors_info=\u00bb{}\u00bb][et_pb_row _builder_version=\u00bb4.18.0&#8243; _module_preset=\u00bbdefault\u00bb global_colors_info=\u00bb{}\u00bb][et_pb_column type=\u00bb4_4&#8243; _builder_version=\u00bb4.18.0&#8243; _module_preset=\u00bbdefault\u00bb global_colors_info=\u00bb{}\u00bb][et_pb_icon font_icon=\u00bb&#xe028;||divi||400&#8243; icon_color=\u00bb#02ABEC\u00bb icon_width=\u00bb64px\u00bb _builder_version=\u00bb4.23&#8243; _module_preset=\u00bbdefault\u00bb global_colors_info=\u00bb{%22gcid-02132a14-0aa3-45af-abdc-389c29b58c23%22:%91%22icon_color%22%93}\u00bb][\/et_pb_icon][et_pb_text _builder_version=\u00bb4.23&#8243; _module_preset=\u00bbb327cbe4-b1d5-4b66-ad37-40c8f2f061ba\u00bb header_2_font=\u00bb||||||||\u00bb header_2_text_color=\u00bb#002D59&#8243; header_2_font_size=\u00bb52px\u00bb header_2_line_height=\u00bb1.2em\u00bb text_orientation=\u00bbcenter\u00bb header_2_font_size_tablet=\u00bb42px\u00bb header_2_font_size_phone=\u00bb33px\u00bb header_2_font_size_last_edited=\u00bbon|phone\u00bb global_colors_info=\u00bb{%22gcid-e010f2a6-5bcc-4cbf-902a-b2f60822625a%22:%91%22header_2_text_color%22%93}\u00bb]<\/p>\n<h2>Nuestros Destinos<\/h2>\n<p>[\/et_pb_text][et_pb_text _builder_version=\u00bb4.23&#8243; _module_preset=\u00bb4c43b4b6-66bf-432d-959a-705bda24a650&#8243; text_font=\u00bb||||||||\u00bb text_font_size=\u00bb22px\u00bb text_line_height=\u00bb1.65em\u00bb text_font_size_tablet=\u00bb20px\u00bb text_font_size_phone=\u00bb18px\u00bb text_font_size_last_edited=\u00bbon|phone\u00bb header_font_size_tablet=\u00bb55px\u00bb header_font_size_last_edited=\u00bboff|desktop\u00bb global_colors_info=\u00bb{}\u00bb]<\/p>\n<p style=\"text-align: center;\"><span>Marbella, M\u00e1laga, T\u00e1nger&#8230; Descubre los destinos m\u00e1s espectaculares desde el mar y por tierra.<\/span><\/p>\n<p>[\/et_pb_text][\/et_pb_column][\/et_pb_row][et_pb_row column_structure=\u00bb1_3,1_3,1_3&#8243; _builder_version=\u00bb4.18.0&#8243; _module_preset=\u00bbdefault\u00bb global_colors_info=\u00bb{}\u00bb][et_pb_column type=\u00bb1_3&#8243; _builder_version=\u00bb4.18.0&#8243; _module_preset=\u00bbdefault\u00bb global_colors_info=\u00bb{}\u00bb][et_pb_image src=\u00bbhttp:\/\/picassocharter.es\/wp-content\/uploads\/2023\/10\/26-scaled.jpg\u00bb title_text=\u00bb26&#8243; _builder_version=\u00bb4.23&#8243; _module_preset=\u00bbdefault\u00bb global_colors_info=\u00bb{}\u00bb][\/et_pb_image][et_pb_text _builder_version=\u00bb4.23&#8243; _module_preset=\u00bbaaa7c440-590a-4078-ae0c-0f3c699ac51c\u00bb header_font=\u00bb||||||||\u00bb header_3_font=\u00bb|||on|||||\u00bb header_3_text_color=\u00bb#002D59&#8243; header_3_font_size=\u00bb24px\u00bb header_3_line_height=\u00bb1.4em\u00bb custom_margin=\u00bb||10px||false|false\u00bb header_3_font_size_tablet=\u00bb20px\u00bb header_3_font_size_phone=\u00bb16px\u00bb header_3_font_size_last_edited=\u00bbon|phone\u00bb global_colors_info=\u00bb{}\u00bb]<\/p>\n<h3>Marbella<\/h3>\n<p>[\/et_pb_text][et_pb_button button_url=\u00bbhttps:\/\/picassocharter.es\/reservas\u00bb button_text=\u00bbReservar\u00bb _builder_version=\u00bb4.23&#8243; _module_preset=\u00bb31b4f027-aaa0-4f2f-ae02-959764e19e4f\u00bb custom_button=\u00bbon\u00bb button_text_color=\u00bb#FFFFFF\u00bb button_bg_color=\u00bb#02ABEC\u00bb button_border_width=\u00bb0px\u00bb button_border_radius=\u00bb5px\u00bb button_font=\u00bb|500|||||||\u00bb button_icon=\u00bb&#x35;||divi||400&#8243; custom_padding=\u00bb12px|34px|12px|30px|true|false\u00bb button_text_size_tablet=\u00bb18px\u00bb button_text_size_phone=\u00bb16px\u00bb button_text_size_last_edited=\u00bbon|phone\u00bb global_colors_info=\u00bb{}\u00bb button_bg_color__hover_enabled=\u00bbon|hover\u00bb button_bg_color__hover=\u00bb#D3C390&#8243; button_bg_enable_color__hover=\u00bbon\u00bb button_text_color__hover_enabled=\u00bbon|desktop\u00bb button_text_color__hover=\u00bb#FFFFFF\u00bb custom_padding__hover_enabled=\u00bboff|desktop\u00bb custom_padding__hover=\u00bb|40px||40px|true|true\u00bb][\/et_pb_button][\/et_pb_column][et_pb_column type=\u00bb1_3&#8243; _builder_version=\u00bb4.18.0&#8243; _module_preset=\u00bbdefault\u00bb global_colors_info=\u00bb{}\u00bb][et_pb_image src=\u00bbhttp:\/\/picassocharter.es\/wp-content\/uploads\/2023\/10\/25-scaled.jpg\u00bb title_text=\u00bb25&#8243; _builder_version=\u00bb4.23&#8243; _module_preset=\u00bbdefault\u00bb global_colors_info=\u00bb{}\u00bb][\/et_pb_image][et_pb_text _builder_version=\u00bb4.23&#8243; _module_preset=\u00bbaaa7c440-590a-4078-ae0c-0f3c699ac51c\u00bb header_font=\u00bb||||||||\u00bb header_3_font=\u00bb|||on|||||\u00bb header_3_text_color=\u00bb#002D59&#8243; header_3_font_size=\u00bb24px\u00bb header_3_line_height=\u00bb1.4em\u00bb custom_margin=\u00bb||10px||false|false\u00bb header_3_font_size_tablet=\u00bb20px\u00bb header_3_font_size_phone=\u00bb16px\u00bb header_3_font_size_last_edited=\u00bbon|phone\u00bb global_colors_info=\u00bb{}\u00bb]<\/p>\n<h3>M\u00e1laga<\/h3>\n<p>[\/et_pb_text][et_pb_button button_url=\u00bbhttps:\/\/picassocharter.es\/reservas\u00bb button_text=\u00bbReservar\u00bb _builder_version=\u00bb4.23&#8243; _module_preset=\u00bb31b4f027-aaa0-4f2f-ae02-959764e19e4f\u00bb custom_button=\u00bbon\u00bb button_text_color=\u00bb#FFFFFF\u00bb button_bg_color=\u00bb#02ABEC\u00bb button_border_width=\u00bb0px\u00bb button_border_radius=\u00bb5px\u00bb button_font=\u00bb|500|||||||\u00bb button_icon=\u00bb&#x35;||divi||400&#8243; custom_padding=\u00bb12px|34px|12px|30px|true|false\u00bb button_text_size_tablet=\u00bb18px\u00bb button_text_size_phone=\u00bb16px\u00bb button_text_size_last_edited=\u00bbon|phone\u00bb global_colors_info=\u00bb{}\u00bb button_bg_color__hover_enabled=\u00bbon|hover\u00bb button_bg_color__hover=\u00bb#D3C390&#8243; button_bg_enable_color__hover=\u00bbon\u00bb button_text_color__hover_enabled=\u00bbon|desktop\u00bb button_text_color__hover=\u00bb#FFFFFF\u00bb custom_padding__hover_enabled=\u00bboff|desktop\u00bb custom_padding__hover=\u00bb|40px||40px|true|true\u00bb][\/et_pb_button][\/et_pb_column][et_pb_column type=\u00bb1_3&#8243; _builder_version=\u00bb4.18.0&#8243; _module_preset=\u00bbdefault\u00bb global_colors_info=\u00bb{}\u00bb][et_pb_image src=\u00bbhttp:\/\/picassocharter.es\/wp-content\/uploads\/2023\/10\/27-scaled.jpg\u00bb title_text=\u00bb27&#8243; _builder_version=\u00bb4.23&#8243; _module_preset=\u00bbdefault\u00bb global_colors_info=\u00bb{}\u00bb][\/et_pb_image][et_pb_text _builder_version=\u00bb4.23&#8243; _module_preset=\u00bbaaa7c440-590a-4078-ae0c-0f3c699ac51c\u00bb header_font=\u00bb||||||||\u00bb header_3_font=\u00bb|||on|||||\u00bb header_3_text_color=\u00bb#002D59&#8243; header_3_font_size=\u00bb24px\u00bb header_3_line_height=\u00bb1.4em\u00bb custom_margin=\u00bb||10px||false|false\u00bb header_3_font_size_tablet=\u00bb20px\u00bb header_3_font_size_phone=\u00bb16px\u00bb header_3_font_size_last_edited=\u00bbon|phone\u00bb global_colors_info=\u00bb{}\u00bb]<\/p>\n<h3>T\u00e1nger<\/h3>\n<p>[\/et_pb_text][et_pb_button button_url=\u00bbhttps:\/\/picassocharter.es\/reservas\u00bb button_text=\u00bbReservar\u00bb _builder_version=\u00bb4.23&#8243; _module_preset=\u00bb31b4f027-aaa0-4f2f-ae02-959764e19e4f\u00bb custom_button=\u00bbon\u00bb button_text_color=\u00bb#FFFFFF\u00bb button_bg_color=\u00bb#02ABEC\u00bb button_border_width=\u00bb0px\u00bb button_border_radius=\u00bb5px\u00bb button_font=\u00bb|500|||||||\u00bb button_icon=\u00bb&#x35;||divi||400&#8243; custom_padding=\u00bb12px|34px|12px|30px|true|false\u00bb button_text_size_tablet=\u00bb18px\u00bb button_text_size_phone=\u00bb16px\u00bb button_text_size_last_edited=\u00bbon|phone\u00bb global_colors_info=\u00bb{}\u00bb button_bg_color__hover_enabled=\u00bbon|hover\u00bb button_bg_color__hover=\u00bb#D3C390&#8243; button_bg_enable_color__hover=\u00bbon\u00bb button_text_color__hover_enabled=\u00bbon|desktop\u00bb button_text_color__hover=\u00bb#FFFFFF\u00bb custom_padding__hover_enabled=\u00bboff|desktop\u00bb custom_padding__hover=\u00bb|40px||40px|true|true\u00bb][\/et_pb_button][\/et_pb_column][\/et_pb_row][\/et_pb_section][et_pb_section fb_built=\u00bb1&#8243; _builder_version=\u00bb4.23&#8243; _module_preset=\u00bbdefault\u00bb background_color=\u00bbrgba(232,225,218,0.42)\u00bb global_colors_info=\u00bb{}\u00bb][et_pb_row column_structure=\u00bb3_5,2_5&#8243; _builder_version=\u00bb4.23&#8243; _module_preset=\u00bbdefault\u00bb global_colors_info=\u00bb{}\u00bb][et_pb_column type=\u00bb3_5&#8243; _builder_version=\u00bb4.23&#8243; _module_preset=\u00bbdefault\u00bb global_colors_info=\u00bb{}\u00bb][et_pb_text _builder_version=\u00bb4.23&#8243; _module_preset=\u00bbb327cbe4-b1d5-4b66-ad37-40c8f2f061ba\u00bb header_2_font=\u00bb||||||||\u00bb header_2_text_color=\u00bb#002D59&#8243; header_2_font_size=\u00bb52px\u00bb header_2_line_height=\u00bb1.2em\u00bb header_2_font_size_tablet=\u00bb42px\u00bb header_2_font_size_phone=\u00bb33px\u00bb header_2_font_size_last_edited=\u00bbon|phone\u00bb global_colors_info=\u00bb{}\u00bb]<\/p>\n<h2><strong>Momentos Picasso Charter<\/strong><\/h2>\n<p>[\/et_pb_text][et_pb_text _builder_version=\u00bb4.23&#8243; _module_preset=\u00bb4827deed-2a92-4d97-a22f-f01067ae6873&#8243; header_font=\u00bb||||||||\u00bb header_4_font=\u00bb|600|||||||\u00bb header_4_text_color=\u00bb#002D59&#8243; header_4_font_size=\u00bb25px\u00bb header_4_line_height=\u00bb1.2em\u00bb custom_margin=\u00bb||0px||false|false\u00bb header_4_font_size_tablet=\u00bb24px\u00bb header_4_font_size_phone=\u00bb22px\u00bb header_4_font_size_last_edited=\u00bbon|phone\u00bb global_colors_info=\u00bb{}\u00bb]<\/p>\n<h4>Serie de fotos de clientes<\/h4>\n<p>[\/et_pb_text][et_pb_text _builder_version=\u00bb4.23&#8243; _module_preset=\u00bb4c43b4b6-66bf-432d-959a-705bda24a650&#8243; text_font=\u00bbPoppins||||||||\u00bb text_font_size=\u00bb18px\u00bb text_line_height=\u00bb1.65em\u00bb text_font_size_tablet=\u00bb17px\u00bb text_font_size_phone=\u00bb17px\u00bb text_font_size_last_edited=\u00bbon|phone\u00bb header_font_size_tablet=\u00bb55px\u00bb header_font_size_last_edited=\u00bboff|desktop\u00bb global_colors_info=\u00bb{}\u00bb]<\/p>\n<p><span>Capturamos los mejores momentos de nuestros viajes. Descubre la experiencia Picasso Charter a trav\u00e9s de las im\u00e1genes.<\/span><\/p>\n<p>[\/et_pb_text][\/et_pb_column][et_pb_column type=\u00bb2_5&#8243; _builder_version=\u00bb4.23&#8243; _module_preset=\u00bbdefault\u00bb global_colors_info=\u00bb{}\u00bb][et_pb_image src=\u00bbhttp:\/\/picassocharter.es\/wp-content\/uploads\/2023\/10\/Horizontal-Picasso-Charter-1-scaled.jpg\u00bb title_text=\u00bbHorizontal &#8211; Picasso Charter (1)\u00bb _builder_version=\u00bb4.23&#8243; _module_preset=\u00bbdefault\u00bb global_colors_info=\u00bb{}\u00bb][\/et_pb_image][\/et_pb_column][\/et_pb_row][et_pb_row column_structure=\u00bb1_4,1_4,1_4,1_4&#8243; use_custom_gutter=\u00bbon\u00bb gutter_width=\u00bb1&#8243; _builder_version=\u00bb4.23&#8243; _module_preset=\u00bbdefault\u00bb custom_padding=\u00bb0px||0px||true|false\u00bb global_colors_info=\u00bb{}\u00bb][et_pb_column type=\u00bb1_4&#8243; _builder_version=\u00bb4.23&#8243; _module_preset=\u00bbdefault\u00bb global_colors_info=\u00bb{}\u00bb][et_pb_image src=\u00bbhttp:\/\/picassocharter.es\/wp-content\/uploads\/2023\/10\/9-1-scaled.jpg\u00bb title_text=\u00bb9&#8243; _builder_version=\u00bb4.23&#8243; _module_preset=\u00bbdefault\u00bb global_colors_info=\u00bb{}\u00bb][\/et_pb_image][\/et_pb_column][et_pb_column type=\u00bb1_4&#8243; _builder_version=\u00bb4.18.0&#8243; _module_preset=\u00bbdefault\u00bb global_colors_info=\u00bb{}\u00bb][et_pb_image src=\u00bbhttp:\/\/picassocharter.es\/wp-content\/uploads\/2023\/10\/2-2-scaled.jpg\u00bb title_text=\u00bb2&#8243; _builder_version=\u00bb4.23&#8243; _module_preset=\u00bbdefault\u00bb locked=\u00bboff\u00bb global_colors_info=\u00bb{}\u00bb][\/et_pb_image][\/et_pb_column][et_pb_column type=\u00bb1_4&#8243; _builder_version=\u00bb4.18.0&#8243; _module_preset=\u00bbdefault\u00bb global_colors_info=\u00bb{}\u00bb][et_pb_image src=\u00bbhttp:\/\/picassocharter.es\/wp-content\/uploads\/2023\/10\/1-2-scaled.jpg\u00bb title_text=\u00bb1&#8243; _builder_version=\u00bb4.23&#8243; _module_preset=\u00bbdefault\u00bb global_colors_info=\u00bb{}\u00bb][\/et_pb_image][\/et_pb_column][et_pb_column type=\u00bb1_4&#8243; _builder_version=\u00bb4.18.0&#8243; _module_preset=\u00bbdefault\u00bb global_colors_info=\u00bb{}\u00bb][et_pb_image src=\u00bbhttp:\/\/picassocharter.es\/wp-content\/uploads\/2023\/10\/3-2-scaled.jpg\u00bb title_text=\u00bb3&#8243; _builder_version=\u00bb4.23&#8243; _module_preset=\u00bbdefault\u00bb locked=\u00bboff\u00bb global_colors_info=\u00bb{}\u00bb][\/et_pb_image][\/et_pb_column][\/et_pb_row][et_pb_row column_structure=\u00bb1_3,1_3,1_3&#8243; _builder_version=\u00bb4.23&#8243; _module_preset=\u00bbdefault\u00bb global_colors_info=\u00bb{}\u00bb][et_pb_column type=\u00bb1_3&#8243; _builder_version=\u00bb4.23&#8243; _module_preset=\u00bbdefault\u00bb global_colors_info=\u00bb{}\u00bb][et_pb_image src=\u00bbhttp:\/\/picassocharter.es\/wp-content\/uploads\/2023\/10\/24-scaled.jpg\u00bb title_text=\u00bb24&#8243; _builder_version=\u00bb4.23&#8243; _module_preset=\u00bbdefault\u00bb global_colors_info=\u00bb{}\u00bb][\/et_pb_image][\/et_pb_column][et_pb_column type=\u00bb1_3&#8243; _builder_version=\u00bb4.23&#8243; _module_preset=\u00bbdefault\u00bb global_colors_info=\u00bb{}\u00bb][et_pb_image src=\u00bbhttp:\/\/picassocharter.es\/wp-content\/uploads\/2023\/10\/3-scaled.jpg\u00bb title_text=\u00bb3&#8243; _builder_version=\u00bb4.23&#8243; _module_preset=\u00bbdefault\u00bb global_colors_info=\u00bb{}\u00bb][\/et_pb_image][\/et_pb_column][et_pb_column type=\u00bb1_3&#8243; _builder_version=\u00bb4.23&#8243; _module_preset=\u00bbdefault\u00bb global_colors_info=\u00bb{}\u00bb][et_pb_text _builder_version=\u00bb4.23&#8243; _module_preset=\u00bb4c43b4b6-66bf-432d-959a-705bda24a650&#8243; text_font=\u00bbDella Respira|700|||||||\u00bb text_text_color=\u00bb#002D59&#8243; text_font_size=\u00bb45px\u00bb text_line_height=\u00bb1.5em\u00bb text_font_size_tablet=\u00bb30px\u00bb text_font_size_phone=\u00bb30px\u00bb text_font_size_last_edited=\u00bbon|desktop\u00bb header_font_size_tablet=\u00bb55px\u00bb header_font_size_last_edited=\u00bboff|desktop\u00bb global_colors_info=\u00bb{}\u00bb]<\/p>\n<p><span>Descubre cada rinc\u00f3n de forma inolvidable.<\/span><\/p>\n<p>[\/et_pb_text][\/et_pb_column][\/et_pb_row][et_pb_row column_structure=\u00bb1_4,1_4,1_4,1_4&#8243; use_custom_gutter=\u00bbon\u00bb gutter_width=\u00bb1&#8243; _builder_version=\u00bb4.23&#8243; _module_preset=\u00bbdefault\u00bb custom_padding=\u00bb0px||0px||true|false\u00bb global_colors_info=\u00bb{}\u00bb][et_pb_column type=\u00bb1_4&#8243; _builder_version=\u00bb4.23&#8243; _module_preset=\u00bbdefault\u00bb global_colors_info=\u00bb{}\u00bb][et_pb_image src=\u00bbhttp:\/\/picassocharter.es\/wp-content\/uploads\/2023\/10\/6-1.jpg\u00bb title_text=\u00bb6&#8243; _builder_version=\u00bb4.23&#8243; _module_preset=\u00bbdefault\u00bb global_colors_info=\u00bb{}\u00bb][\/et_pb_image][\/et_pb_column][et_pb_column type=\u00bb1_4&#8243; _builder_version=\u00bb4.18.0&#8243; _module_preset=\u00bbdefault\u00bb global_colors_info=\u00bb{}\u00bb][et_pb_image src=\u00bbhttp:\/\/picassocharter.es\/wp-content\/uploads\/2023\/10\/11-1.jpg\u00bb title_text=\u00bb11&#8243; _builder_version=\u00bb4.23&#8243; _module_preset=\u00bbdefault\u00bb locked=\u00bboff\u00bb global_colors_info=\u00bb{}\u00bb][\/et_pb_image][\/et_pb_column][et_pb_column type=\u00bb1_4&#8243; _builder_version=\u00bb4.18.0&#8243; _module_preset=\u00bbdefault\u00bb global_colors_info=\u00bb{}\u00bb][et_pb_image src=\u00bbhttp:\/\/picassocharter.es\/wp-content\/uploads\/2023\/10\/15-1.jpg\u00bb title_text=\u00bb15&#8243; _builder_version=\u00bb4.23&#8243; _module_preset=\u00bbdefault\u00bb global_colors_info=\u00bb{}\u00bb][\/et_pb_image][\/et_pb_column][et_pb_column type=\u00bb1_4&#8243; _builder_version=\u00bb4.18.0&#8243; _module_preset=\u00bbdefault\u00bb global_colors_info=\u00bb{}\u00bb][et_pb_image src=\u00bbhttp:\/\/picassocharter.es\/wp-content\/uploads\/2023\/10\/9.jpg\u00bb title_text=\u00bb9&#8243; _builder_version=\u00bb4.23&#8243; _module_preset=\u00bbdefault\u00bb locked=\u00bboff\u00bb global_colors_info=\u00bb{}\u00bb][\/et_pb_image][\/et_pb_column][\/et_pb_row][\/et_pb_section][et_pb_section fb_built=\u00bb1&#8243; admin_label=\u00bbTestimonial\u00bb _builder_version=\u00bb4.23&#8243; _module_preset=\u00bbdefault\u00bb background_color=\u00bb#FFFFFF\u00bb collapsed=\u00bbon\u00bb global_colors_info=\u00bb{}\u00bb][et_pb_row _builder_version=\u00bb4.18.0&#8243; _module_preset=\u00bbdefault\u00bb global_colors_info=\u00bb{}\u00bb][et_pb_column type=\u00bb4_4&#8243; _builder_version=\u00bb4.18.0&#8243; _module_preset=\u00bbdefault\u00bb global_colors_info=\u00bb{}\u00bb][et_pb_text _builder_version=\u00bb4.23&#8243; _module_preset=\u00bbb327cbe4-b1d5-4b66-ad37-40c8f2f061ba\u00bb header_2_font=\u00bb||||||||\u00bb header_2_text_color=\u00bb#002D59&#8243; header_2_font_size=\u00bb52px\u00bb header_2_line_height=\u00bb1.2em\u00bb text_orientation=\u00bbcenter\u00bb header_2_font_size_tablet=\u00bb42px\u00bb header_2_font_size_phone=\u00bb33px\u00bb header_2_font_size_last_edited=\u00bbon|phone\u00bb global_colors_info=\u00bb{%22gcid-e010f2a6-5bcc-4cbf-902a-b2f60822625a%22:%91%22header_2_text_color%22%93}\u00bb]<\/p>\n<h2>Testimonio de Clientes<\/h2>\n<p>[\/et_pb_text][et_pb_slider arrows_custom_color=\u00bb#02ABEC\u00bb dot_nav_custom_color=\u00bb#02ABEC\u00bb _builder_version=\u00bb4.23&#8243; _module_preset=\u00bbdefault\u00bb header_font=\u00bb||||||||\u00bb header_text_color=\u00bb#002D59&#8243; header_font_size=\u00bb24px\u00bb header_line_height=\u00bb1.4em\u00bb body_text_color=\u00bb#D3C390&#8243; background_color=\u00bbRGBA(255,255,255,0)\u00bb custom_button=\u00bbon\u00bb button_text_color=\u00bb#FFFFFF\u00bb button_bg_color=\u00bbgcid-e010f2a6-5bcc-4cbf-902a-b2f60822625a\u00bb button_border_width=\u00bb0px\u00bb button_border_radius=\u00bb0px\u00bb button_font=\u00bbPoppins|500|||||||\u00bb button_custom_padding=\u00bb12px|30px|12px|30px|true|true\u00bb custom_padding=\u00bb37px||79px|||\u00bb header_font_size_tablet=\u00bb22px\u00bb header_font_size_phone=\u00bb19px\u00bb header_font_size_last_edited=\u00bbon|phone\u00bb text_shadow_style=\u00bbpreset1&#8243; text_shadow_vertical_length=\u00bb0em\u00bb text_shadow_blur_strength=\u00bb0em\u00bb text_shadow_color=\u00bbRGBA(255,255,255,0)\u00bb global_colors_info=\u00bb{%22gcid-e010f2a6-5bcc-4cbf-902a-b2f60822625a%22:%91%22button_bg_color%22%93}\u00bb][et_pb_slide heading=\u00bb%22Para nuestro \u00faltimo aniversario, decidimos hacer un viaje a T\u00e1nger Todo perfecto y vistas impresionantes. La gu\u00eda en T\u00e1nger fue muy amable. Un viaje que recordaremos por vida%22&#8243; _builder_version=\u00bb4.23&#8243; _module_preset=\u00bbdefault\u00bb header_text_color=\u00bbrgba(17,17,17,0.55)\u00bb body_font=\u00bbPoppins||||||||\u00bb body_text_color=\u00bbgcid-e010f2a6-5bcc-4cbf-902a-b2f60822625a\u00bb body_font_size=\u00bb20px\u00bb body_line_height=\u00bb1.65em\u00bb body_font_size_tablet=\u00bb16px\u00bb body_font_size_phone=\u00bb14px\u00bb body_font_size_last_edited=\u00bbon|phone\u00bb global_colors_info=\u00bb{%22gcid-e010f2a6-5bcc-4cbf-902a-b2f60822625a%22:%91%22body_text_color%22%93}\u00bb sticky_transition=\u00bbon\u00bb]<\/p>\n<p>Isabel y Carlos Herrera<br \/>\u2605\u2605\u2605\u2605\u2605<\/p>\n<p>[\/et_pb_slide][et_pb_slide heading=\u00bb%22Mi familia y yo decidimos celebrar el cumplea\u00f1os de mi esposo a bordo del catamar\u00e1n de Picasso Charter, y fue, sin duda, una de las mejores decisiones que hemos tomado. Desde el inicio, el equipo fue incre\u00edblemente atento y profesional. Navegar por Marbella mientras disfrut\u00e1bamos de una cena preparada por un super chef a bordo fue una experiencia fant\u00e1stica. \u00a1Definitivamente repetiremos!%22&#8243; _builder_version=\u00bb4.23&#8243; _module_preset=\u00bbdefault\u00bb header_text_color=\u00bbrgba(17,17,17,0.55)\u00bb body_font=\u00bbPoppins||||||||\u00bb body_text_color=\u00bbgcid-e010f2a6-5bcc-4cbf-902a-b2f60822625a\u00bb body_font_size=\u00bb20px\u00bb body_line_height=\u00bb1.65em\u00bb body_font_size_tablet=\u00bb16px\u00bb body_font_size_phone=\u00bb14px\u00bb body_font_size_last_edited=\u00bbon|phone\u00bb global_colors_info=\u00bb{%22gcid-e010f2a6-5bcc-4cbf-902a-b2f60822625a%22:%91%22body_text_color%22%93}\u00bb sticky_transition=\u00bbon\u00bb]<\/p>\n<p>Clara Rodr\u00edguez<br \/>\u2605\u2605\u2605\u2605\u2605<\/p>\n<p>[\/et_pb_slide][et_pb_slide heading=\u00bb%22Organic\u00e9 una fiesta para un amiga y quedamos todos impresionadas con el servicio. El catamar\u00e1n es espectacular, y el equipo se asegur\u00f3 de que tuvi\u00e9ramos todo lo que necesit\u00e1bamos. La puesta de sol en alta mar y la m\u00fasica en vivo hicieron de la noche algo m\u00e1gico. \u00a1Gracias!%22&#8243; _builder_version=\u00bb4.23&#8243; _module_preset=\u00bbdefault\u00bb header_text_color=\u00bbrgba(17,17,17,0.55)\u00bb body_font=\u00bbPoppins||||||||\u00bb body_text_color=\u00bbgcid-e010f2a6-5bcc-4cbf-902a-b2f60822625a\u00bb body_font_size=\u00bb20px\u00bb body_line_height=\u00bb1.65em\u00bb body_font_size_tablet=\u00bb16px\u00bb body_font_size_phone=\u00bb14px\u00bb body_font_size_last_edited=\u00bbon|phone\u00bb global_colors_info=\u00bb{%22gcid-e010f2a6-5bcc-4cbf-902a-b2f60822625a%22:%91%22body_text_color%22%93}\u00bb sticky_transition=\u00bbon\u00bb]<\/p>\n<p>\u00c1ngela Mendonza<br \/>\u2605\u2605\u2605\u2605\u2605<\/p>\n<p>[\/et_pb_slide][\/et_pb_slider][\/et_pb_column][\/et_pb_row][\/et_pb_section]<\/p>\n","protected":false},"excerpt":{"rendered":"<p>Nuestros DestinosMarbella, M\u00e1laga, T\u00e1nger&#8230; Descubre los destinos m\u00e1s espectaculares desde el mar y por tierra.MarbellaM\u00e1lagaT\u00e1ngerMomentos Picasso CharterSerie de fotos de clientesCapturamos los mejores momentos de nuestros viajes. Descubre la experiencia Picasso Charter a trav\u00e9s de las im\u00e1genes.Descubre cada rinc\u00f3n de forma inolvidable.Testimonio de ClientesIsabel y Carlos Herrera\u2605\u2605\u2605\u2605\u2605Clara Rodr\u00edguez\u2605\u2605\u2605\u2605\u2605\u00c1ngela Mendonza\u2605\u2605\u2605\u2605\u2605<\/p>","protected":false},"author":1,"featured_media":0,"parent":0,"menu_order":0,"comment_status":"closed","ping_status":"closed","template":"","meta":{"_et_pb_use_builder":"on","_et_pb_old_content":"","_et_gb_content_width":"","footnotes":""},"class_list":["post-13","page","type-page","status-publish","hentry"],"_links":{"self":[{"href":"https:\/\/picassocharter.es\/en\/wp-json\/wp\/v2\/pages\/13","targetHints":{"allow":["GET"]}}],"collection":[{"href":"https:\/\/picassocharter.es\/en\/wp-json\/wp\/v2\/pages"}],"about":[{"href":"https:\/\/picassocharter.es\/en\/wp-json\/wp\/v2\/types\/page"}],"author":[{"embeddable":true,"href":"https:\/\/picassocharter.es\/en\/wp-json\/wp\/v2\/users\/1"}],"replies":[{"embeddable":true,"href":"https:\/\/picassocharter.es\/en\/wp-json\/wp\/v2\/comments?post=13"}],"version-history":[{"count":8,"href":"https:\/\/picassocharter.es\/en\/wp-json\/wp\/v2\/pages\/13\/revisions"}],"predecessor-version":[{"id":363,"href":"https:\/\/picassocharter.es\/en\/wp-json\/wp\/v2\/pages\/13\/revisions\/363"}],"wp:attachment":[{"href":"https:\/\/picassocharter.es\/en\/wp-json\/wp\/v2\/media?parent=13"}],"curies":[{"name":"wp","href":"https:\/\/api.w.org\/{rel}","templated":true}]}}