{"id":15,"date":"2023-10-20T19:42:39","date_gmt":"2023-10-20T19:42:39","guid":{"rendered":"https:\/\/picassocharter.es\/?page_id=15"},"modified":"2023-12-19T17:37:58","modified_gmt":"2023-12-19T17:37:58","slug":"reservas","status":"publish","type":"page","link":"https:\/\/picassocharter.es\/en\/reservas\/","title":{"rendered":"Reservations"},"content":{"rendered":"<p>[et_pb_section fb_built=\u00bb1&#8243; admin_label=\u00bbHeader\u00bb _builder_version=\u00bb4.23&#8243; _module_preset=\u00bbdefault\u00bb use_background_color_gradient=\u00bbon\u00bb background_color_gradient_stops=\u00bb#1e70b9 19%|rgba(30,112,185,0.1) 100%\u00bb background_color_gradient_overlays_image=\u00bbon\u00bb background_image=\u00bbhttp:\/\/picassocharter.es\/wp-content\/uploads\/2023\/10\/12-1.jpg\u00bb custom_padding=\u00bb8%||8%||true|false\u00bb collapsed=\u00bbon\u00bb global_colors_info=\u00bb{%22gcid-02132a14-0aa3-45af-abdc-389c29b58c23%22:%91%22background_color%22%93}\u00bb][et_pb_row _builder_version=\u00bb4.18.0&#8243; _module_preset=\u00bbdefault\u00bb global_colors_info=\u00bb{}\u00bb][et_pb_column type=\u00bb4_4&#8243; _builder_version=\u00bb4.18.0&#8243; _module_preset=\u00bbdefault\u00bb global_colors_info=\u00bb{}\u00bb][et_pb_text _builder_version=\u00bb4.23&#8243; _module_preset=\u00bbc16985e1-e0d6-4022-964d-e2bfc04fa633&#8243; header_font=\u00bb|||on|||||\u00bb header_font_size=\u00bb90px\u00bb header_letter_spacing=\u00bb5px\u00bb background_layout=\u00bbdark\u00bb header_font_size_tablet=\u00bb42px\u00bb header_font_size_phone=\u00bb28px\u00bb header_font_size_last_edited=\u00bbon|tablet\u00bb global_colors_info=\u00bb{}\u00bb]<\/p>\n<h1>Reservas<\/h1>\n<p>[\/et_pb_text][\/et_pb_column][\/et_pb_row][\/et_pb_section][et_pb_section fb_built=\u00bb1&#8243; _builder_version=\u00bb4.23&#8243; _module_preset=\u00bbdefault\u00bb background_color=\u00bb#002D59&#8243; global_colors_info=\u00bb{}\u00bb][et_pb_row _builder_version=\u00bb4.23&#8243; _module_preset=\u00bbdefault\u00bb global_colors_info=\u00bb{}\u00bb][et_pb_column type=\u00bb4_4&#8243; _builder_version=\u00bb4.23&#8243; _module_preset=\u00bbdefault\u00bb global_colors_info=\u00bb{}\u00bb][et_pb_icon font_icon=\u00bb&#xf073;||fa||400&#8243; icon_color=\u00bb#02ABEC\u00bb icon_width=\u00bb64px\u00bb _builder_version=\u00bb4.23&#8243; _module_preset=\u00bbdefault\u00bb global_colors_info=\u00bb{%22gcid-02132a14-0aa3-45af-abdc-389c29b58c23%22:%91%22icon_color%22%93}\u00bb][\/et_pb_icon][et_pb_text _builder_version=\u00bb4.23&#8243; _module_preset=\u00bbb327cbe4-b1d5-4b66-ad37-40c8f2f061ba\u00bb header_2_font=\u00bb||||||||\u00bb header_2_text_align=\u00bbcenter\u00bb header_2_text_color=\u00bb#FFFFFF\u00bb header_2_font_size=\u00bb52px\u00bb header_2_line_height=\u00bb1.2em\u00bb header_2_font_size_tablet=\u00bb42px\u00bb header_2_font_size_phone=\u00bb32px\u00bb header_2_font_size_last_edited=\u00bbon|phone\u00bb global_colors_info=\u00bb{}\u00bb]<\/p>\n<h2>Calendario de Reservas<\/h2>\n<p>[\/et_pb_text][et_pb_text _builder_version=\u00bb4.23&#8243; _module_preset=\u00bb4c43b4b6-66bf-432d-959a-705bda24a650&#8243; text_font=\u00bbPoppins||||||||\u00bb text_font_size=\u00bb21px\u00bb text_line_height=\u00bb1.65em\u00bb text_orientation=\u00bbcenter\u00bb background_layout=\u00bbdark\u00bb text_font_size_tablet=\u00bb18px\u00bb text_font_size_phone=\u00bb17px\u00bb text_font_size_last_edited=\u00bbon|phone\u00bb header_font_size_tablet=\u00bb55px\u00bb header_font_size_last_edited=\u00bboff|desktop\u00bb global_colors_info=\u00bb{}\u00bb]<\/p>\n<p><span>Elige tu fecha y reserva tu experiencia en nuestro catamar\u00e1n.<\/span><\/p>\n<p>[\/et_pb_text][\/et_pb_column][\/et_pb_row][et_pb_row _builder_version=\u00bb4.23&#8243; _module_preset=\u00bbdefault\u00bb global_colors_info=\u00bb{}\u00bb][et_pb_column type=\u00bb4_4&#8243; _builder_version=\u00bb4.23&#8243; _module_preset=\u00bbdefault\u00bb global_colors_info=\u00bb{}\u00bb][ssa_divi_booking_module _builder_version=\u00bb4.23&#8243; _module_preset=\u00bbdefault\u00bb hover_enabled=\u00bb0&#8243; global_colors_info=\u00bb{}\u00bb accent_color=\u00bb#1E70B9&#8243; sticky_enabled=\u00bb0&#8243;][\/ssa_divi_booking_module][\/et_pb_column][\/et_pb_row][\/et_pb_section][et_pb_section fb_built=\u00bb1&#8243; admin_label=\u00bbFAQ\u00bb _builder_version=\u00bb4.23&#8243; _module_preset=\u00bbdefault\u00bb background_color=\u00bb#FFFFFF\u00bb collapsed=\u00bbon\u00bb global_colors_info=\u00bb{}\u00bb][et_pb_row column_structure=\u00bb1_2,1_2&#8243; _builder_version=\u00bb4.18.0&#8243; _module_preset=\u00bbdefault\u00bb global_colors_info=\u00bb{}\u00bb][et_pb_column type=\u00bb1_2&#8243; _builder_version=\u00bb4.18.0&#8243; _module_preset=\u00bbdefault\u00bb global_colors_info=\u00bb{}\u00bb][et_pb_text _builder_version=\u00bb4.23&#8243; _module_preset=\u00bbe6504a1b-67eb-4b3d-b023-bcab277610b6&#8243; header_4_font=\u00bbPoppins|600||on|||||\u00bb header_4_text_color=\u00bb#02ABEC\u00bb header_4_font_size=\u00bb16px\u00bb header_4_line_height=\u00bb1.5em\u00bb custom_margin=\u00bb||0px||false|false\u00bb header_4_font_size_tablet=\u00bb15px\u00bb header_4_font_size_phone=\u00bb14px\u00bb header_4_font_size_last_edited=\u00bbon|desktop\u00bb global_colors_info=\u00bb{%22gcid-e010f2a6-5bcc-4cbf-902a-b2f60822625a%22:%91%22header_4_text_color%22%93}\u00bb]<\/p>\n<h4>FAQ<\/h4>\n<p>[\/et_pb_text][et_pb_text _builder_version=\u00bb4.23&#8243; _module_preset=\u00bbb327cbe4-b1d5-4b66-ad37-40c8f2f061ba\u00bb header_2_font=\u00bb||||||||\u00bb header_2_text_color=\u00bb#002D59&#8243; header_2_font_size=\u00bb52px\u00bb header_2_line_height=\u00bb1.2em\u00bb header_2_font_size_tablet=\u00bb42px\u00bb header_2_font_size_phone=\u00bb32px\u00bb header_2_font_size_last_edited=\u00bbon|phone\u00bb global_colors_info=\u00bb{%22gcid-e010f2a6-5bcc-4cbf-902a-b2f60822625a%22:%91%22header_2_text_color%22%93}\u00bb]<\/p>\n<h2>Preguntas Frecuentes<\/h2>\n<p>[\/et_pb_text][et_pb_image src=\u00bbhttp:\/\/picassocharter.es\/wp-content\/uploads\/2023\/10\/10-1.jpg\u00bb title_text=\u00bb10&#8243; _builder_version=\u00bb4.23&#8243; _module_preset=\u00bbdefault\u00bb global_colors_info=\u00bb{}\u00bb][\/et_pb_image][\/et_pb_column][et_pb_column type=\u00bb1_2&#8243; _builder_version=\u00bb4.18.0&#8243; _module_preset=\u00bbdefault\u00bb global_colors_info=\u00bb{}\u00bb][et_pb_accordion open_toggle_background_color=\u00bbRGBA(255,255,255,0)\u00bb closed_toggle_background_color=\u00bbRGBA(255,255,255,0)\u00bb toggle_icon=\u00bb&#xf067;||fa||900&#8243; icon_color=\u00bb#02ABEC\u00bb _builder_version=\u00bb4.23&#8243; _module_preset=\u00bb8c90a6d3-b50b-4e12-a75e-0d123deb50ce\u00bb toggle_text_color=\u00bb#002D59&#8243; toggle_font=\u00bb|600|||||||\u00bb toggle_font_size=\u00bb23px\u00bb toggle_line_height=\u00bb1.5em\u00bb body_font=\u00bb||||||||\u00bb body_text_color=\u00bbrgba(17,17,17,0.71)\u00bb body_font_size=\u00bb16px\u00bb body_line_height=\u00bb1.65em\u00bb toggle_font_size_tablet=\u00bb22px\u00bb toggle_font_size_phone=\u00bb19px\u00bb toggle_font_size_last_edited=\u00bbon|phone\u00bb body_font_size_tablet=\u00bb17px\u00bb body_font_size_phone=\u00bb16px\u00bb body_font_size_last_edited=\u00bbon|phone\u00bb border_width_all=\u00bb0px\u00bb border_color_all=\u00bb#d0a73f\u00bb locked=\u00bboff\u00bb global_colors_info=\u00bb{%22gcid-e010f2a6-5bcc-4cbf-902a-b2f60822625a%22:%91%22border_color_all%22%93}\u00bb][et_pb_accordion_item title=\u00bb\u00bfQu\u00e9 est\u00e1 incluido en el precio del alquiler del catamar\u00e1n?\u00bb open=\u00bbon\u00bb _builder_version=\u00bb4.23&#8243; _module_preset=\u00bbdefault\u00bb custom_padding=\u00bb|0px||0px|false|true\u00bb global_colors_info=\u00bb{}\u00bb]<\/p>\n<p><span>El precio del alquiler incluye el uso exclusivo del catamar\u00e1n Lagoon 400, el servicio de un patr\u00f3n experimentado y, dependiendo del paquete seleccionado, puede incluir toallas de ducha, ropa de cama y otros servicios adicionales. Es importante revisar cada paquete para conocer los detalles espec\u00edficos de lo que est\u00e1 incluido.<\/span><\/p>\n<p>[\/et_pb_accordion_item][et_pb_accordion_item title=\u00bb\u00bfEs posible contratar servicios adicionales, como un cocinero o gu\u00edas tur\u00edsticas?\u00bb _builder_version=\u00bb4.23&#8243; _module_preset=\u00bbdefault\u00bb custom_padding=\u00bb|0px||0px|false|true\u00bb global_colors_info=\u00bb{}\u00bb open=\u00bboff\u00bb]<\/p>\n<p><span>\u00a1S\u00ed! Ofrecemos la opci\u00f3n de contratar un cocinero por un costo adicional de 250 euros\/d\u00eda. Adem\u00e1s, para ciertos viajes, como el de Marbella a M\u00e1laga o Marbella a T\u00e1nger, incluimos un gu\u00eda local para visitas tur\u00edsticas. Si tienes alguna solicitud especial, no dudes en consultarnos.<\/span><\/p>\n<p>[\/et_pb_accordion_item][et_pb_accordion_item title=\u00bb\u00bfD\u00f3nde se encuentra ubicado el punto de partida y llegada de los viajes?\u00bb _builder_version=\u00bb4.23&#8243; _module_preset=\u00bbdefault\u00bb custom_padding=\u00bb|0px||0px|false|true\u00bb global_colors_info=\u00bb{}\u00bb open=\u00bboff\u00bb]<\/p>\n<p><span>Todos nuestros viajes comienzan y terminan en el Puerto de la Bajadilla en Marbella, a menos que se especifique lo contrario o se acuerde un punto de partida o llegada diferente con el cliente.<\/span><\/p>\n<p>[\/et_pb_accordion_item][et_pb_accordion_item title=\u00bb\u00bfQu\u00e9 medidas de seguridad se toman a bordo del catamar\u00e1n?\u00bb _builder_version=\u00bb4.23&#8243; _module_preset=\u00bbdefault\u00bb custom_padding=\u00bb|0px||0px|false|true\u00bb global_colors_info=\u00bb{}\u00bb open=\u00bboff\u00bb]<\/p>\n<p><span>La seguridad de nuestros clientes es nuestra m\u00e1xima prioridad. El catamar\u00e1n Lagoon 400 est\u00e1 equipado con chalecos salvavidas, balsas salvavidas, extintores y otros equipos de seguridad esenciales. Adem\u00e1s, nuestro patr\u00f3n experimentado est\u00e1 capacitado para manejar cualquier situaci\u00f3n de emergencia en el mar.<\/span><\/p>\n<p>[\/et_pb_accordion_item][\/et_pb_accordion][\/et_pb_column][\/et_pb_row][\/et_pb_section][et_pb_section fb_built=\u00bb1&#8243; admin_label=\u00bbService\u00bb _builder_version=\u00bb4.23&#8243; _module_preset=\u00bbdefault\u00bb background_color=\u00bbrgba(232,225,218,0.41)\u00bb collapsed=\u00bbon\u00bb global_colors_info=\u00bb{}\u00bb][et_pb_row column_structure=\u00bb1_2,1_2&#8243; _builder_version=\u00bb4.18.0&#8243; _module_preset=\u00bbdefault\u00bb global_colors_info=\u00bb{}\u00bb][et_pb_column type=\u00bb1_2&#8243; _builder_version=\u00bb4.18.0&#8243; _module_preset=\u00bbdefault\u00bb global_colors_info=\u00bb{}\u00bb][et_pb_image src=\u00bbhttp:\/\/picassocharter.es\/wp-content\/uploads\/2023\/10\/19-scaled.jpg\u00bb title_text=\u00bb19&#8243; _builder_version=\u00bb4.23&#8243; _module_preset=\u00bbdefault\u00bb global_colors_info=\u00bb{}\u00bb][\/et_pb_image][\/et_pb_column][et_pb_column type=\u00bb1_2&#8243; _builder_version=\u00bb4.18.0&#8243; _module_preset=\u00bbdefault\u00bb global_colors_info=\u00bb{}\u00bb][et_pb_text _builder_version=\u00bb4.23&#8243; _module_preset=\u00bbaaa7c440-590a-4078-ae0c-0f3c699ac51c\u00bb header_font=\u00bb||||||||\u00bb header_3_font=\u00bb||||||||\u00bb header_3_text_color=\u00bb#002D59&#8243; header_3_font_size=\u00bb52px\u00bb header_3_line_height=\u00bb1.4em\u00bb custom_margin=\u00bb||10px||false|false\u00bb header_3_font_size_tablet=\u00bb42px\u00bb header_3_font_size_phone=\u00bb32px\u00bb header_3_font_size_last_edited=\u00bbon|phone\u00bb global_colors_info=\u00bb{}\u00bb]<\/p>\n<h3><strong>Contacto Directo<\/strong><\/h3>\n<p>[\/et_pb_text][et_pb_text _builder_version=\u00bb4.23&#8243; _module_preset=\u00bb1f09816e-184e-4ce5-a4cf-b39c52c423ca\u00bb text_font=\u00bbPoppins||||||||\u00bb text_font_size=\u00bb19px\u00bb text_line_height=\u00bb1.75em\u00bb text_font_size_tablet=\u00bb18px\u00bb text_font_size_phone=\u00bb17px\u00bb text_font_size_last_edited=\u00bbon|tablet\u00bb header_font_size_tablet=\u00bb55px\u00bb header_font_size_last_edited=\u00bboff|desktop\u00bb global_colors_info=\u00bb{}\u00bb]<\/p>\n<p><span>\u00bfTienes dudas? Estamos aqu\u00ed para ayudarte. Cont\u00e1ctanos directamente.<\/span><\/p>\n<p>[\/et_pb_text][et_pb_blurb title=\u00bb+34 666 10 83 20&#8243; use_icon=\u00bbon\u00bb font_icon=\u00bb&#xf232;||fa||400&#8243; icon_color=\u00bb#02ABEC\u00bb icon_placement=\u00bbleft\u00bb image_icon_width=\u00bb38px\u00bb icon_color_last_edited=\u00bboff|desktop\u00bb image_icon_width_tablet=\u00bb33px\u00bb image_icon_width_phone=\u00bb28px\u00bb image_icon_width_last_edited=\u00bbon|phone\u00bb _builder_version=\u00bb4.23&#8243; _module_preset=\u00bbdefault\u00bb header_font=\u00bbPoppins||||||||\u00bb header_text_color=\u00bb#002D59&#8243; header_font_size=\u00bb35px\u00bb hover_enabled=\u00bb0&#8243; header_font_size_tablet=\u00bb28px\u00bb header_font_size_phone=\u00bb24px\u00bb header_font_size_last_edited=\u00bbon|phone\u00bb global_colors_info=\u00bb{}\u00bb sticky_enabled=\u00bb0&#8243;][\/et_pb_blurb][et_pb_button button_url=\u00bbmailto:info@picassocharter.es\u00bb button_text=\u00bbCorreo\u00bb _builder_version=\u00bb4.23&#8243; _module_preset=\u00bb31b4f027-aaa0-4f2f-ae02-959764e19e4f\u00bb custom_button=\u00bbon\u00bb button_text_color=\u00bb#FFFFFF\u00bb button_bg_color=\u00bb#02ABEC\u00bb button_border_width=\u00bb0px\u00bb button_border_radius=\u00bb5px\u00bb button_font=\u00bb|500|||||||\u00bb button_icon=\u00bb&#xe010;||divi||400&#8243; custom_padding=\u00bb12px|45px|12px|32px|true|false\u00bb button_text_size_tablet=\u00bb18px\u00bb button_text_size_phone=\u00bb16px\u00bb button_text_size_last_edited=\u00bbon|phone\u00bb global_colors_info=\u00bb{}\u00bb button_bg_color__hover_enabled=\u00bbon|hover\u00bb button_bg_color__hover=\u00bb#D3C390&#8243; button_bg_enable_color__hover=\u00bbon\u00bb button_text_color__hover_enabled=\u00bbon|desktop\u00bb button_text_color__hover=\u00bb#FFFFFF\u00bb custom_padding__hover_enabled=\u00bboff|desktop\u00bb custom_padding__hover=\u00bb|40px||40px|true|true\u00bb][\/et_pb_button][\/et_pb_column][\/et_pb_row][\/et_pb_section]<\/p>\n","protected":false},"excerpt":{"rendered":"<p>ReservasCalendario de ReservasElige tu fecha y reserva tu experiencia en nuestro catamar\u00e1n.<div class=\"et_pb_module ssa_divi_booking_module ssa_divi_booking_module_0\">\n\t\t\t\t\n\t\t\t\t\n\t\t\t\t\n\t\t\t\t\n\t\t\t\t\n\t\t\t\t\n\t\t\t\t<div class=\"et_pb_module_inner\">\n\t\t\t\t\t\t\t<div class=\"divi-module-ssa-booking-wrapper\">\n\t\t\t<div class=\"ssa-booking\">\n\t\t\t\t<iframe src=\"https:\/\/picassocharter.es\/en\/wp-json\/ssa\/v1\/embed-inner?integration&type&label&types&edit&view&payment_provider&ssa_locale=en_US&ssa_is_rtl&sid=62799c862559c847de7dd4941cd9900e46104bf3&availability_start_date&availability_end_date&suggest_first_available&suggest_first_available_within_minutes&flow&fallback_flow&time_view&date_view&appointment_types_view&version&accent_color=1E70B9&background&padding&font&booking_url&booking_post_id&booking_title&_wpnonce=564d83a741&redirect_post_id&defer&mepr_membership_id#\/\" height=\"400px\" width=\"100%\" name=\"ssa_booking\" loading=\"eager\" frameborder=\"0\" data-skip-lazy=\"1\" class=\"ssa_booking_iframe skip-lazy\" title=\"Book a time\"><\/iframe>\t\t\t<\/div>\n\t\t<\/div>\n\t\t\n\t\t\t\t<\/div>\n\t\t\t<\/div>FAQPreguntas FrecuentesEl precio del alquiler incluye el uso exclusivo del catamar\u00e1n Lagoon 400, el servicio de un patr\u00f3n experimentado y, dependiendo del paquete seleccionado, puede incluir toallas de ducha, ropa de cama y otros servicios adicionales. Es importante [&hellip;]<\/p>\n","protected":false},"author":1,"featured_media":0,"parent":0,"menu_order":0,"comment_status":"closed","ping_status":"closed","template":"","meta":{"_et_pb_use_builder":"on","_et_pb_old_content":"","_et_gb_content_width":"","footnotes":""},"class_list":["post-15","page","type-page","status-publish","hentry"],"_links":{"self":[{"href":"https:\/\/picassocharter.es\/en\/wp-json\/wp\/v2\/pages\/15","targetHints":{"allow":["GET"]}}],"collection":[{"href":"https:\/\/picassocharter.es\/en\/wp-json\/wp\/v2\/pages"}],"about":[{"href":"https:\/\/picassocharter.es\/en\/wp-json\/wp\/v2\/types\/page"}],"author":[{"embeddable":true,"href":"https:\/\/picassocharter.es\/en\/wp-json\/wp\/v2\/users\/1"}],"replies":[{"embeddable":true,"href":"https:\/\/picassocharter.es\/en\/wp-json\/wp\/v2\/comments?post=15"}],"version-history":[{"count":15,"href":"https:\/\/picassocharter.es\/en\/wp-json\/wp\/v2\/pages\/15\/revisions"}],"predecessor-version":[{"id":336,"href":"https:\/\/picassocharter.es\/en\/wp-json\/wp\/v2\/pages\/15\/revisions\/336"}],"wp:attachment":[{"href":"https:\/\/picassocharter.es\/en\/wp-json\/wp\/v2\/media?parent=15"}],"curies":[{"name":"wp","href":"https:\/\/api.w.org\/{rel}","templated":true}]}}